{"id":8,"date":"2010-11-17T13:44:51","date_gmt":"2010-11-17T13:44:51","guid":{"rendered":"http:\/\/christianhofstadler.at\/?page_id=8"},"modified":"2014-07-28T09:24:53","modified_gmt":"2014-07-28T09:24:53","slug":"publikationen","status":"publish","type":"page","link":"https:\/\/christianhofstadler.at\/en\/publikationen\/","title":{"rendered":"B\u00fccher &#038; Regelwerke"},"content":{"rendered":"<p>Eine Kontrolle \u00fcber beteiligte Produktionsfaktoren ist Grundvoraussetzung f\u00fcr die erfolgreiche Abwicklung von Bauprojekten.<\/p>\n<p>In den von mir verfassten Publikationen werden neben den technologischen, baubetrieblichen und bauwirtschaftlichen Grundlagen auch Ans\u00e4tze und Methoden zu einer erfolgreichen, wirtschaftlichen Kombination der Produktionsfaktoren vermittelt.<\/p>\n","protected":false},"excerpt":{"rendered":"<p>Eine Kontrolle \u00fcber beteiligte Produktionsfaktoren ist Grundvoraussetzung f\u00fcr die erfolgreiche Abwicklung von Bauprojekten. In den von mir verfassten Publikationen werden neben den technologischen, baubetrieblichen und bauwirtschaftlichen Grundlagen auch Ans\u00e4tze und Methoden zu einer erfolgreichen, wirtschaftlichen Kombination der Produktionsfaktoren vermittelt.<\/p>\n","protected":false},"author":1,"featured_media":0,"parent":0,"menu_order":6,"comment_status":"open","ping_status":"open","template":"template_publikationen.php","meta":[],"acf":[],"_links":{"self":[{"href":"https:\/\/christianhofstadler.at\/en\/wp-json\/wp\/v2\/pages\/8"}],"collection":[{"href":"https:\/\/christianhofstadler.at\/en\/wp-json\/wp\/v2\/pages"}],"about":[{"href":"https:\/\/christianhofstadler.at\/en\/wp-json\/wp\/v2\/types\/page"}],"author":[{"embeddable":true,"href":"https:\/\/christianhofstadler.at\/en\/wp-json\/wp\/v2\/users\/1"}],"replies":[{"embeddable":true,"href":"https:\/\/christianhofstadler.at\/en\/wp-json\/wp\/v2\/comments?post=8"}],"version-history":[{"count":0,"href":"https:\/\/christianhofstadler.at\/en\/wp-json\/wp\/v2\/pages\/8\/revisions"}],"wp:attachment":[{"href":"https:\/\/christianhofstadler.at\/en\/wp-json\/wp\/v2\/media?parent=8"}],"curies":[{"name":"wp","href":"https:\/\/api.w.org\/{rel}","templated":true}]}}