{"id":251,"date":"2011-04-11T07:27:40","date_gmt":"2011-04-11T07:27:40","guid":{"rendered":"http:\/\/christianhofstadler.at\/?page_id=251"},"modified":"2023-02-17T13:17:31","modified_gmt":"2023-02-17T13:17:31","slug":"impressum","status":"publish","type":"page","link":"https:\/\/christianhofstadler.at\/en\/impressum\/","title":{"rendered":"Impressum"},"content":{"rendered":"<div>\n<h2>Offenlegung gem\u00e4\u00df \u00a7 25 Mediengesetz<\/h2>\n<p>Diese Website, sowie alle damit zusammenh\u00e4ngenden Informationsinhalte werden Ihnen zur Verf\u00fcgung gestellt von Assoc.Prof. Dipl.-Ing Dr.techn.Christian Hofstadler.<br \/>\n<a href=\"javascript:DeCryptX('2o2c3l3o1A0c2j3u1j2u2v1j0a1o0h0o0f1t3w2c1e2n0e0r312c0t')\">mail [at] christianhofstadler [dot] at<\/a><br \/>\n<a href=\"http:\/\/www.christianhofstadler.at\" target=\"_blank\" rel=\"noopener\">www.christianhofstadler.at<\/a><\/p>\n<p><strong>F\u00fcr den Inhalt verantwortlich:<\/strong> Assoc.Prof. Dipl.-Ing. Dr.techn. Christian Hofstadler<\/p>\n<p><strong>Englische Texte:<\/strong><\/p>\n<p><strong>Grafische Gestaltung und Programmierung der Website<\/strong>: <a href=\"http:\/\/www.simplease.at\">simplease<\/a><\/p>\n<p><strong>Hinweis<\/strong>: Trotz sorgf\u00e4ltiger inhaltlicher Kontrolle \u00fcbernehmen wir keine Haftung f\u00fcr die Inhalte externer Links. F\u00fcr den Inhalt der verlinkten Seiten sind ausschlie\u00dflich deren Betreiber verantwortlich. F\u00fcr die Ergebnisse der Interaktionsdiagramme kann trotz sorgf\u00e4ltiger Pr\u00fcfung keine Haftung \u00fcbernommen werden.<\/p>\n<p><strong>Copyright:<\/strong> Alle Inhalte auf dieser Website sind urheberrechtlich gesch\u00fctzt. Texte, Bilder und Grafiken unterliegen dem Schutz des Urheberrechts und anderer Schutzgesetze.<\/p>\n<p><strong>Quellennachweis der Bilder<\/strong>: \u00a9photocase.com, \u00a9 istockphoto.com<\/p>\n<p>&nbsp;<\/p>\n<\/div>\n","protected":false},"excerpt":{"rendered":"<p>Offenlegung gem\u00e4\u00df \u00a7 25 Mediengesetz Diese Website, sowie alle damit zusammenh\u00e4ngenden Informationsinhalte werden Ihnen zur Verf\u00fcgung gestellt von Assoc.Prof. Dipl.-Ing Dr.techn.Christian Hofstadler. mail [at] christianhofstadler [dot] at www.christianhofstadler.at F\u00fcr den Inhalt verantwortlich: Assoc.Prof. Dipl.-Ing. Dr.techn. Christian Hofstadler Englische Texte: Grafische Gestaltung und Programmierung der Website: simplease Hinweis: Trotz sorgf\u00e4ltiger inhaltlicher Kontrolle \u00fcbernehmen wir keine Haftung [&hellip;]<\/p>\n","protected":false},"author":1,"featured_media":0,"parent":0,"menu_order":11,"comment_status":"open","ping_status":"open","template":"","meta":[],"acf":[],"_links":{"self":[{"href":"https:\/\/christianhofstadler.at\/en\/wp-json\/wp\/v2\/pages\/251"}],"collection":[{"href":"https:\/\/christianhofstadler.at\/en\/wp-json\/wp\/v2\/pages"}],"about":[{"href":"https:\/\/christianhofstadler.at\/en\/wp-json\/wp\/v2\/types\/page"}],"author":[{"embeddable":true,"href":"https:\/\/christianhofstadler.at\/en\/wp-json\/wp\/v2\/users\/1"}],"replies":[{"embeddable":true,"href":"https:\/\/christianhofstadler.at\/en\/wp-json\/wp\/v2\/comments?post=251"}],"version-history":[{"count":1,"href":"https:\/\/christianhofstadler.at\/en\/wp-json\/wp\/v2\/pages\/251\/revisions"}],"predecessor-version":[{"id":1409,"href":"https:\/\/christianhofstadler.at\/en\/wp-json\/wp\/v2\/pages\/251\/revisions\/1409"}],"wp:attachment":[{"href":"https:\/\/christianhofstadler.at\/en\/wp-json\/wp\/v2\/media?parent=251"}],"curies":[{"name":"wp","href":"https:\/\/api.w.org\/{rel}","templated":true}]}}