{"id":21,"date":"2010-11-17T14:46:57","date_gmt":"2010-11-17T14:46:57","guid":{"rendered":"http:\/\/christianhofstadler.at\/?page_id=21"},"modified":"2011-05-20T08:13:55","modified_gmt":"2011-05-20T08:13:55","slug":"gutachten","status":"publish","type":"page","link":"https:\/\/christianhofstadler.at\/en\/referenzen\/gutachten\/","title":{"rendered":"Gutachten"},"content":{"rendered":"<table class=\"gutachten\" cellspacing=\"0px\" cellpadding=\"0px\">\n<tbody>\n<tr>\n<td valign=\"middle\"><strong>Bauunternehmung<\/strong><br \/>\nAutobahntunnel<\/td>\n<td>\u00dcberpr\u00fcfung der Nachtragskalkulation und Plausibilit\u00e4tsnachweise. Beurteilung des Leistungsumfangs bei strittigen Positionen<\/td>\n<\/tr>\n<tr>\n<td valign=\"middle\"><strong>Krankenanstalt<\/strong><br \/>\nKrankenhauserweiterung<\/td>\n<td>Baubetriebliche und bauwirtschaftliche Beurteilung von Planungs\u00e4nderungen<\/td>\n<\/tr>\n<tr>\n<td valign=\"middle\"><strong>Stadtgemeinde<\/strong><br \/>\nKl\u00e4ranlage<\/td>\n<td>Gest\u00f6rter Bauablauf: Beurteilung der Kostensteigerung bei den Stahlbetonarbeiten<\/td>\n<\/tr>\n<tr>\n<td valign=\"middle\"><strong>Immobiliengesellschaft<\/strong><br \/>\nEinkaufszentrum<\/td>\n<td>Baubetriebliche und bauwirtschaftliche Optimierungen f\u00fcr die Phase Bauwerk-Rohbau<\/td>\n<\/tr>\n<tr>\n<td valign=\"middle\"><strong>Fertigteilerzeuger<\/strong><br \/>\nHochbau, Industriebau<\/td>\n<td>Baubetrieblicher und bauwirtschaftlicher Vergleich zwischen Ortbeton- und Fertigteilst\u00fctzen<\/td>\n<\/tr>\n<tr>\n<td valign=\"middle\"><strong>Marktgemeinde, Bauunternehmung<\/strong><br \/>\nVeranstaltungszentrum<\/td>\n<td>Baubetriebliche und bauwirtschaftliche Beurteilung von Planungs\u00e4nderungen<\/td>\n<\/tr>\n<tr>\n<td valign=\"middle\"><strong>Immobiliengesellschaft<\/strong><br \/>\nVeranstaltungsgeb\u00e4ude<\/td>\n<td>Beurteilung der Sichtbetonqualit\u00e4t; Ermittlung der Wertminderung<\/td>\n<\/tr>\n<tr>\n<td valign=\"middle\"><strong>Immobiliengesellschaft<\/strong><br \/>\nVeranstaltungsgeb\u00e4ude<\/td>\n<td>Planverzug: Baubetriebliche und bauwirtschaftliche Auswirkungen<\/td>\n<\/tr>\n<tr>\n<td valign=\"middle\"><strong>Bauunternehmung<\/strong><br \/>\nUnterflurtrasse<\/td>\n<td>Baubetriebliche und bauwirtschaftliche Betrachtung der Forcierung aufgrund einer Bauzeitverk\u00fcrzung; Ermittlung der Forcierungskosten<\/td>\n<\/tr>\n<tr>\n<td valign=\"middle\"><strong>Bauunternehmung<\/strong><br \/>\nTunnelsanierung<\/td>\n<td>Beurteilung der Mehrkostenforderungen aufgrund ge\u00e4nderter Bauzeit<\/td>\n<\/tr>\n<tr>\n<td valign=\"middle\"><strong>Stadtgemeinde<\/strong><br \/>\nWasserversorgungsanlage<\/td>\n<td>Beurteilung der baubetrieblichen und bauwirtschaftlichen Auswirkungen infolge ge\u00e4nderter geologischer Verh\u00e4ltnisse<\/td>\n<\/tr>\n<tr>\n<td valign=\"middle\"><strong>Arbeitsgemeinschaft<\/strong><br \/>\nKrankenhausneubau<\/td>\n<td>Leistungsbeschreibung: Beurteilung des Leistungsumfangs bei strittigen Positionen<\/td>\n<\/tr>\n<tr>\n<td valign=\"middle\"><strong>Betonhersteller<\/strong><br \/>\nAutobahnsanierung<\/td>\n<td>Baubetriebliche und bauwirtschaftliche \u00dcberpr\u00fcfung der Sanierungskosten der Fahrbahndecke<\/td>\n<\/tr>\n<tr>\n<td valign=\"middle\"><strong>Bauunternehmung<\/strong><br \/>\nRaststation<\/td>\n<td>Baubetriebliche und bauwirtschaftliche Beurteilung von Produktivit\u00e4tsverlusten aufgrund ge\u00e4nderter geologischer Verh\u00e4ltnisse und von Planverz\u00fcgen<\/td>\n<\/tr>\n<tr>\n<td valign=\"middle\"><strong>Fertigteilerzeuger<\/strong><br \/>\nSteigerung der Betonqualit\u00e4t<\/td>\n<td>Untersuchungen zur Qualit\u00e4tsverbesserung bei der Produktion von Sichtbeton-Fertigteilen<\/td>\n<\/tr>\n<tr>\n<td valign=\"middle\"><strong>Biege- und Verlegebetrieb<\/strong><br \/>\nIngenieurbauwerk<\/td>\n<td>Baubetriebliche und bauwirtschaftliche Beurteilung von Produktivit\u00e4tsverlusten aufgrund von Leistungsverd\u00fcnnungen und ge\u00e4ndertem Bauablauf<\/td>\n<\/tr>\n<tr>\n<td valign=\"middle\"><strong>Immobiliengesellschaft<\/strong><br \/>\nUniversit\u00e4tsgeb\u00e4ude<\/td>\n<td>Baubetriebliche und bauwirtschaftliche Bewertung von Zusatzangeboten aufgrund  fehlender Positionen<\/td>\n<\/tr>\n<tr>\n<td valign=\"middle\"><strong>Immobiliengesellschaft<\/strong><br \/>\nGerichtsgeb\u00e4ude und Justizanstalt<\/td>\n<td>Stellungnahme zum Bau-Soll. Beurteilung von Sichtbetonqualit\u00e4t und Sanierungsma\u00dfnahmen. Verbesserungsma\u00dfnahmen im Herstellungsprozess<\/td>\n<\/tr>\n<\/tbody>\n<\/table>\n","protected":false},"excerpt":{"rendered":"<p>Bauunternehmung Autobahntunnel \u00dcberpr\u00fcfung der Nachtragskalkulation und Plausibilit\u00e4tsnachweise. Beurteilung des Leistungsumfangs bei strittigen Positionen Krankenanstalt Krankenhauserweiterung Baubetriebliche und bauwirtschaftliche Beurteilung von Planungs\u00e4nderungen Stadtgemeinde Kl\u00e4ranlage Gest\u00f6rter Bauablauf: Beurteilung der Kostensteigerung bei den Stahlbetonarbeiten Immobiliengesellschaft Einkaufszentrum Baubetriebliche und bauwirtschaftliche Optimierungen f\u00fcr die Phase Bauwerk-Rohbau Fertigteilerzeuger Hochbau, Industriebau Baubetrieblicher und bauwirtschaftlicher Vergleich zwischen Ortbeton- und Fertigteilst\u00fctzen Marktgemeinde, Bauunternehmung Veranstaltungszentrum [&hellip;]<\/p>\n","protected":false},"author":1,"featured_media":0,"parent":6,"menu_order":1,"comment_status":"open","ping_status":"open","template":"template_leistungen_gutachten.php","meta":[],"acf":[],"_links":{"self":[{"href":"https:\/\/christianhofstadler.at\/en\/wp-json\/wp\/v2\/pages\/21"}],"collection":[{"href":"https:\/\/christianhofstadler.at\/en\/wp-json\/wp\/v2\/pages"}],"about":[{"href":"https:\/\/christianhofstadler.at\/en\/wp-json\/wp\/v2\/types\/page"}],"author":[{"embeddable":true,"href":"https:\/\/christianhofstadler.at\/en\/wp-json\/wp\/v2\/users\/1"}],"replies":[{"embeddable":true,"href":"https:\/\/christianhofstadler.at\/en\/wp-json\/wp\/v2\/comments?post=21"}],"version-history":[{"count":0,"href":"https:\/\/christianhofstadler.at\/en\/wp-json\/wp\/v2\/pages\/21\/revisions"}],"up":[{"embeddable":true,"href":"https:\/\/christianhofstadler.at\/en\/wp-json\/wp\/v2\/pages\/6"}],"wp:attachment":[{"href":"https:\/\/christianhofstadler.at\/en\/wp-json\/wp\/v2\/media?parent=21"}],"curies":[{"name":"wp","href":"https:\/\/api.w.org\/{rel}","templated":true}]}}