{"id":18,"date":"2010-11-17T14:44:50","date_gmt":"2010-11-17T14:44:50","guid":{"rendered":"http:\/\/christianhofstadler.at\/?page_id=18"},"modified":"2017-12-05T14:25:31","modified_gmt":"2017-12-05T14:25:31","slug":"sachverstandigentatigkeit","status":"publish","type":"page","link":"https:\/\/christianhofstadler.at\/en\/referenzen\/sachverstandigentatigkeit\/","title":{"rendered":"Sachverst\u00e4ndiger"},"content":{"rendered":"<p><img loading=\"lazy\" style=\"float: left; padding-right: 20px;\" src=\"http:\/\/christianhofstadler.at\/wp-content\/uploads\/2010\/11\/logosachv.png\" alt=\"Logo Sachverst\u00e4ndiger\" width=\"85\" height=\"100\" \/><\/p>\n<p><em>Als allgemein beeideter und gerichtlich zertifizierter Sachverst\u00e4ndiger f\u00fcr Bauwesen liegt mein Fokus in der Bearbeitung baubetrieblicher und bauwirtschaftlicher Problemstellungen.<\/em><\/p>\n<h3>Meine Fachgebiete<\/h3>\n<table class=\"gutachten\" cellspacing=\"0px\" cellpadding=\"0px\">\n<tbody>\n<tr>\n<td valign=\"middle\"><strong>Hochbau und Architektur<\/strong><br \/>\n72.01<\/td>\n<td>Sichtbeton<\/td>\n<\/tr>\n<tr>\n<td valign=\"middle\"><strong>Kalkulation, Vergabewesen, Verdingungswesen, Bauabwicklung, Bauabrechnung<\/strong><br \/>\n72.03<\/td>\n<td>Spezialisierung: Behinderungen, Forcierungen, Bauablaufst\u00f6rungen,<br \/>\nProduktivit\u00e4tsverluste, Mehrkostenforderungen<\/td>\n<\/tr>\n<tr>\n<td valign=\"middle\"><strong>Tunnelbau und Stollenbau<\/strong><br \/>\n72.06<\/td>\n<td>Sichtbeton, Schalungs- und R\u00fcsttechnik<\/td>\n<\/tr>\n<tr>\n<td valign=\"middle\"><strong>Br\u00fcckenbau<\/strong><br \/>\n72.30<\/td>\n<td>Sichtbeton, Schalungs- und R\u00fcsttechnik<\/td>\n<\/tr>\n<tr>\n<td valign=\"middle\"><strong>Betonbau und Stahlbetonbau<\/strong><br \/>\n72.37<\/td>\n<td>Sichtbeton, Schalungs- und R\u00fcsttechnik<\/td>\n<\/tr>\n<\/tbody>\n<\/table>\n<h3>Meine Arbeitsweise<\/h3>\n<p>Die Arbeitsweise ist besonders gekennzeichnet durch Systematik, Aussagekraft, Transparenz und Nachvollziehbarkeit. Nach einer eingehenden Situationsanalyse, in der alle m\u00f6glichen Einfl\u00fcsse auf die Problemstellung erfasst und geordnet werden, lege ich die Ziele der weiteren Bearbeitungsschritte fest und stimme diese mit dem Auftraggeber ab.<\/p>\n<p><a href=\"http:\/\/christianhofstadler.at\/wp-content\/uploads\/2010\/11\/prozess-hochformat1.jpg\"><img loading=\"lazy\" class=\"aligncenter size-full wp-image-975\" title=\"prozess-hochformat\" src=\"http:\/\/christianhofstadler.at\/wp-content\/uploads\/2010\/11\/prozess-hochformat1.jpg\" alt=\"\" width=\"480\" height=\"903\" srcset=\"https:\/\/christianhofstadler.at\/wp-content\/uploads\/2010\/11\/prozess-hochformat1.jpg 480w, https:\/\/christianhofstadler.at\/wp-content\/uploads\/2010\/11\/prozess-hochformat1-159x300.jpg 159w\" sizes=\"(max-width: 480px) 100vw, 480px\" \/><\/a>F\u00fcr die konkrete Aufgabenstellung zeige ich systematisch alle relevanten L\u00f6sungsm\u00f6glichkeiten auf und w\u00e4hle die zielf\u00fchrenste aus.Ich untersuche die Einfl\u00fcsse aus den Bauwerks-, Baustellen- oder Betriebsbedingungen bzw. aus den eingesetzten Bauverfahren sowie Kalkulation, Bauvertrag und dem Schriftverkehr auf Relevanz f\u00fcr die Probleml\u00f6sung.<\/p>\n<p>Alle in Frage kommenden L\u00f6sungsans\u00e4tze werden auf Zielerreichung \u00fcberpr\u00fcft und die relevanten schlie\u00dflich eingesetzt. Mit aus der Baupraxis bekannten Vergleichswerten, werden die spezifischen Ergebnisse verifiziert und damit auf Plausibilit\u00e4t gepr\u00fcft. Die schriftliche Ausarbeitung erfolgt mit einer umfassenden Beschreibung der Vorgangsweise und der L\u00f6sungsschritte. Ergebnisse werden je nach Bedarf grafisch und tabellarisch nachvollziehbar dargestellt.<\/p>\n<p>Am Ende steht eine aussagekr\u00e4ftige und nachvollziehbare Schlussfolgerung.<\/p>\n<h3>Kooperationen<\/h3>\n<p>\u2013 <a href=\"http:\/\/www.simplease.at\">Simplease<\/a><a href=\"http:\/\/insitu.at\"><br \/>\n\u2013 INSITU<\/a><br \/>\n<a href=\"http:\/\/www.bewehrungsarbeiten.at\">\u2013 Ing. Mag. Gerald Franzl MBA (Bewehrungsarbeiten)<br \/>\n<\/a><a href=\"https:\/\/www.bauwesen.tu-dortmund.de\/bb\/de\/Aktuell\/\">\u2013 Technische Universit\u00e4t Dortmund<br \/>\n<\/a><a href=\"http:\/\/www.f-m-s-c.de\/\">\u2013 FMSC (Facility Management and Services Consulting\u00a0 GmbH)<\/a><\/p>\n","protected":false},"excerpt":{"rendered":"<p>Als allgemein beeideter und gerichtlich zertifizierter Sachverst\u00e4ndiger f\u00fcr Bauwesen liegt mein Fokus in der Bearbeitung baubetrieblicher und bauwirtschaftlicher Problemstellungen. Meine Fachgebiete Hochbau und Architektur 72.01 Sichtbeton Kalkulation, Vergabewesen, Verdingungswesen, Bauabwicklung, Bauabrechnung 72.03 Spezialisierung: Behinderungen, Forcierungen, Bauablaufst\u00f6rungen, Produktivit\u00e4tsverluste, Mehrkostenforderungen Tunnelbau und Stollenbau 72.06 Sichtbeton, Schalungs- und R\u00fcsttechnik Br\u00fcckenbau 72.30 Sichtbeton, Schalungs- und R\u00fcsttechnik Betonbau und Stahlbetonbau [&hellip;]<\/p>\n","protected":false},"author":1,"featured_media":0,"parent":6,"menu_order":0,"comment_status":"open","ping_status":"open","template":"template_leistungen.php","meta":[],"acf":[],"_links":{"self":[{"href":"https:\/\/christianhofstadler.at\/en\/wp-json\/wp\/v2\/pages\/18"}],"collection":[{"href":"https:\/\/christianhofstadler.at\/en\/wp-json\/wp\/v2\/pages"}],"about":[{"href":"https:\/\/christianhofstadler.at\/en\/wp-json\/wp\/v2\/types\/page"}],"author":[{"embeddable":true,"href":"https:\/\/christianhofstadler.at\/en\/wp-json\/wp\/v2\/users\/1"}],"replies":[{"embeddable":true,"href":"https:\/\/christianhofstadler.at\/en\/wp-json\/wp\/v2\/comments?post=18"}],"version-history":[{"count":0,"href":"https:\/\/christianhofstadler.at\/en\/wp-json\/wp\/v2\/pages\/18\/revisions"}],"up":[{"embeddable":true,"href":"https:\/\/christianhofstadler.at\/en\/wp-json\/wp\/v2\/pages\/6"}],"wp:attachment":[{"href":"https:\/\/christianhofstadler.at\/en\/wp-json\/wp\/v2\/media?parent=18"}],"curies":[{"name":"wp","href":"https:\/\/api.w.org\/{rel}","templated":true}]}}