{"id":10,"date":"2017-12-07T17:06:17","date_gmt":"2010-11-17T13:44:57","guid":{"rendered":"http:\/\/christianhofstadler.at\/?page_id=10"},"modified":"2022-01-26T15:08:25","modified_gmt":"2022-01-26T15:08:25","slug":"tools","status":"publish","type":"page","link":"https:\/\/christianhofstadler.at\/en\/tools\/","title":{"rendered":"Tools"},"content":{"rendered":"<p>Interaktionsdiagramme k\u00f6nnen baubetriebliche und bauwirtschaftliche Zusammenh\u00e4nge miteinander verkn\u00fcpfen. Ver\u00e4nderungen und deren Auswirkungen k\u00f6nnen sofort grafisch verglichen werden und sind so leichter verst\u00e4ndlich und kommunizierbar.<br \/>\nIn wenigen Minuten ist ein solches Interaktionsdiagramm an eine neue Aufgabenstellung oder ein neues Gewerk angepasst.<\/p>\n","protected":false},"excerpt":{"rendered":"<p>Interaktionsdiagramme k\u00f6nnen baubetriebliche und bauwirtschaftliche Zusammenh\u00e4nge miteinander verkn\u00fcpfen. Ver\u00e4nderungen und deren Auswirkungen k\u00f6nnen sofort grafisch verglichen werden und sind so leichter verst\u00e4ndlich und kommunizierbar. In wenigen Minuten ist ein solches Interaktionsdiagramm an eine neue Aufgabenstellung oder ein neues Gewerk angepasst.<\/p>\n","protected":false},"author":1,"featured_media":0,"parent":0,"menu_order":7,"comment_status":"open","ping_status":"closed","template":"template_tools.php","meta":[],"acf":[],"_links":{"self":[{"href":"https:\/\/christianhofstadler.at\/en\/wp-json\/wp\/v2\/pages\/10"}],"collection":[{"href":"https:\/\/christianhofstadler.at\/en\/wp-json\/wp\/v2\/pages"}],"about":[{"href":"https:\/\/christianhofstadler.at\/en\/wp-json\/wp\/v2\/types\/page"}],"author":[{"embeddable":true,"href":"https:\/\/christianhofstadler.at\/en\/wp-json\/wp\/v2\/users\/1"}],"replies":[{"embeddable":true,"href":"https:\/\/christianhofstadler.at\/en\/wp-json\/wp\/v2\/comments?post=10"}],"version-history":[{"count":4,"href":"https:\/\/christianhofstadler.at\/en\/wp-json\/wp\/v2\/pages\/10\/revisions"}],"predecessor-version":[{"id":1273,"href":"https:\/\/christianhofstadler.at\/en\/wp-json\/wp\/v2\/pages\/10\/revisions\/1273"}],"wp:attachment":[{"href":"https:\/\/christianhofstadler.at\/en\/wp-json\/wp\/v2\/media?parent=10"}],"curies":[{"name":"wp","href":"https:\/\/api.w.org\/{rel}","templated":true}]}}